{"id":3140,"date":"2023-10-25T19:42:50","date_gmt":"2023-10-25T17:42:50","guid":{"rendered":"http:\/\/Bdx-surf-school\/?page_id=3140"},"modified":"2023-12-28T12:24:54","modified_gmt":"2023-12-28T11:24:54","slug":"mentions-legales","status":"publish","type":"page","link":"https:\/\/bordeaux-surf-school.com\/en\/mentions-legales\/","title":{"rendered":"Legal notices"},"content":{"rendered":"<div data-elementor-type=\"wp-page\" data-elementor-id=\"3140\" class=\"elementor elementor-3140\">\n\t\t\t\t\t\t<section class=\"elementor-section elementor-top-section elementor-element elementor-element-92b0366 elementor-section-boxed elementor-section-height-default elementor-section-height-default\" data-id=\"92b0366\" data-element_type=\"section\" data-e-type=\"section\">\n\t\t\t\t\t\t<div class=\"elementor-container elementor-column-gap-default\">\n\t\t\t\t\t<div class=\"elementor-column elementor-col-100 elementor-top-column elementor-element elementor-element-585e4c4\" data-id=\"585e4c4\" data-element_type=\"column\" data-e-type=\"column\">\n\t\t\t<div class=\"elementor-widget-wrap\">\n\t\t\t\t\t\t\t<\/div>\n\t\t<\/div>\n\t\t\t\t\t<\/div>\n\t\t<\/section>\n\t\t\t\t<section class=\"elementor-section elementor-top-section elementor-element elementor-element-20e34958 elementor-section-boxed elementor-section-height-default elementor-section-height-default\" data-id=\"20e34958\" data-element_type=\"section\" data-e-type=\"section\" data-settings=\"{&quot;background_background&quot;:&quot;classic&quot;}\">\n\t\t\t\t\t\t\t<div class=\"elementor-background-overlay\"><\/div>\n\t\t\t\t\t\t\t<div class=\"elementor-container elementor-column-gap-default\">\n\t\t\t\t\t<div class=\"elementor-column elementor-col-100 elementor-top-column elementor-element elementor-element-7708ec8c\" data-id=\"7708ec8c\" data-element_type=\"column\" data-e-type=\"column\">\n\t\t\t<div class=\"elementor-widget-wrap elementor-element-populated\">\n\t\t\t\t\t\t<div class=\"elementor-element elementor-element-1544e1e2 elementor-widget elementor-widget-heading\" data-id=\"1544e1e2\" data-element_type=\"widget\" data-e-type=\"widget\" data-widget_type=\"heading.default\">\n\t\t\t\t<div class=\"elementor-widget-container\">\n\t\t\t\t\t<h1 class=\"elementor-heading-title elementor-size-default\">BORDEAUX SURF SCHOOL<br><\/h1>\t\t\t\t<\/div>\n\t\t\t\t<\/div>\n\t\t\t\t<div class=\"elementor-element elementor-element-5ad2260a elementor-widget elementor-widget-text-editor\" data-id=\"5ad2260a\" data-element_type=\"widget\" data-e-type=\"widget\" data-widget_type=\"text-editor.default\">\n\t\t\t\t<div class=\"elementor-widget-container\">\n\t\t\t\t\t\t\t\t\t<p>Your surf school from Bordeaux<\/p>\t\t\t\t\t\t\t\t<\/div>\n\t\t\t\t<\/div>\n\t\t\t\t<div class=\"elementor-element elementor-element-41d71fee elementor-widget elementor-widget-spacer\" data-id=\"41d71fee\" data-element_type=\"widget\" data-e-type=\"widget\" data-widget_type=\"spacer.default\">\n\t\t\t\t<div class=\"elementor-widget-container\">\n\t\t\t\t\t\t\t<div class=\"elementor-spacer\">\n\t\t\t<div class=\"elementor-spacer-inner\"><\/div>\n\t\t<\/div>\n\t\t\t\t\t\t<\/div>\n\t\t\t\t<\/div>\n\t\t\t\t\t<\/div>\n\t\t<\/div>\n\t\t\t\t\t<\/div>\n\t\t<\/section>\n\t\t\t\t<section class=\"elementor-section elementor-top-section elementor-element elementor-element-1b6799d elementor-section-boxed elementor-section-height-default elementor-section-height-default\" data-id=\"1b6799d\" data-element_type=\"section\" data-e-type=\"section\">\n\t\t\t\t\t\t<div class=\"elementor-container elementor-column-gap-default\">\n\t\t\t\t\t<div class=\"elementor-column elementor-col-100 elementor-top-column elementor-element elementor-element-6df1e06\" data-id=\"6df1e06\" data-element_type=\"column\" data-e-type=\"column\">\n\t\t\t<div class=\"elementor-widget-wrap elementor-element-populated\">\n\t\t\t\t\t\t<div class=\"elementor-element elementor-element-69b9789 elementor-widget elementor-widget-text-editor\" data-id=\"69b9789\" data-element_type=\"widget\" data-e-type=\"widget\" data-widget_type=\"text-editor.default\">\n\t\t\t\t<div class=\"elementor-widget-container\">\n\t\t\t\t\t\t\t\t\t<p>Legal notices for legal entities<\/p>\t\t\t\t\t\t\t\t<\/div>\n\t\t\t\t<\/div>\n\t\t\t\t<div class=\"elementor-element elementor-element-6cb173f elementor-widget elementor-widget-text-editor\" data-id=\"6cb173f\" data-element_type=\"widget\" data-e-type=\"widget\" data-widget_type=\"text-editor.default\">\n\t\t\t\t<div class=\"elementor-widget-container\">\n\t\t\t\t\t\t\t\t\t<div class=\"page\" title=\"Page 1\"><div class=\"section\"><div class=\"layoutArea\"><div class=\"column\"><p><strong>E\u0301di<\/strong><b>edition of the website<\/b><\/p><p>The Bordeaux Surf site, accessible at <a style=\"color: #1cbec8;\" href=\"https:\/\/bordeaux-surf-school.com\/en\/\">https:\/\/bordeaux-surf-school.com<\/a> est e\u0301dite\u0301 par la socie\u0301te\u0301 par actions simplifi\u00e9e au capital de 2000 euros, dont le sie\u0300ge social est situe\u0301 271 chemin des Essarts 73370 Le Bourget-du-Lac, 06 51 78 62 51, &#98;&#x6f;&#114;&#x64;e&#x61;u&#120;&#x73;&#117;&#x72;&#102;&#x73;c&#x68;o&#111;&#x6c;&#64;&#x67;m&#x61;i&#x6c;&#x2e;&#99;&#x6f;&#109;, immatriculation au RCS num\u00e9ro 981 456 700 R.C.S Chamb\u00e9ry.<\/p><p>\u00a0<\/p><p><strong>.<\/strong><b>edition of the website<\/b><\/p><p>Webmaster : Marine Torres Contact : &#x6d;&#x61;&#x72;&#x69;&#x6e;&#x65;&#x2d;&#116;&#111;&#114;&#114;&#101;s&#64;li&#x76;&#x65;&#x2e;&#x66;&#x72;<\/p><p>\u00a0<\/p><p><strong>Website host<\/strong><\/p><p>The Site is hosted by o2switch, EURL with capital of 100,000 euros, whose head office is located at 224 Boulevard Gustave Flaubert, 63000 Clermont-Ferrand, France, reachable by the following means: 0444446040.<\/p><p>\u00a0<\/p><p><strong>Respect for intellectual property<\/strong><\/p><p>All brands, photographs, texts, comments, illustrations, animated or non-animated images, video sequences, sounds, as well as all computer applications which could be used to operate the Site and more generally all elements reproduced or used on the Site are protected by the laws in force regarding intellectual property.<\/p><p>They are the full and complete property of the Publisher or its partners, unless otherwise noted. Any reproduction, representation, use or adaptation, in any form whatsoever, of all or part of these elements, including computer applications, without the prior written consent of the Publisher, is strictly prohibited. The fact that the Publisher does not initiate proceedings upon becoming aware of these<\/p><\/div><\/div><\/div><\/div><div class=\"page\" title=\"Page 2\"><div class=\"section\"><div class=\"layoutArea\"><div class=\"column\"><p>unauthorized uses do not constitute acceptance of such uses and waiver of prosecution.<\/p><p>Only use for private use within a family circle is authorized and any other use constitutes counterfeiting and\/or infringement of related rights, punishable by the Intellectual Property Code.<\/p><p>The resumption of all or part of this content requires the prior authorization of the Publisher or the holder of the rights to this content.<\/p><p>\u00a0<\/p><p><strong>Hyperlinks<\/strong><\/p><p>The Site may contain hypertext links giving access to other websites published and managed by third parties and not by the Publisher. The Publisher cannot be held responsible directly or indirectly in the event that said third party sites do not comply with legal provisions.<\/p><\/div><\/div><\/div><\/div>\t\t\t\t\t\t\t\t<\/div>\n\t\t\t\t<\/div>\n\t\t\t\t\t<\/div>\n\t\t<\/div>\n\t\t\t\t\t<\/div>\n\t\t<\/section>\n\t\t\t\t<\/div>","protected":false},"excerpt":{"rendered":"<p>BORDEAUX SURF SCHOOL Votre \u00e9cole de surf au d\u00e9part de Bordeaux Mentions le\u0301gales pour personnes morales E\u0301dition du site Internet Le site Bordeaux Surf, accessible a\u0300 l\u2019adresse https:\/\/bordeaux-surf-school.com est e\u0301dite\u0301 par la socie\u0301te\u0301 par actions simplifi\u00e9e au capital de 2000 euros, dont le sie\u0300ge social est situe\u0301 271 chemin des Essarts 73370 Le Bourget-du-Lac, 06 [&hellip;]<\/p>\n","protected":false},"author":1,"featured_media":0,"parent":0,"menu_order":0,"comment_status":"closed","ping_status":"closed","template":"","meta":{"site-sidebar-layout":"no-sidebar","site-content-layout":"","ast-site-content-layout":"full-width-container","site-content-style":"default","site-sidebar-style":"default","ast-global-header-display":"","ast-banner-title-visibility":"","ast-main-header-display":"","ast-hfb-above-header-display":"","ast-hfb-below-header-display":"","ast-hfb-mobile-header-display":"","site-post-title":"disabled","ast-breadcrumbs-content":"","ast-featured-img":"disabled","footer-sml-layout":"","ast-disable-related-posts":"","theme-transparent-header-meta":"","adv-header-id-meta":"","stick-header-meta":"","header-above-stick-meta":"","header-main-stick-meta":"","header-below-stick-meta":"","astra-migrate-meta-layouts":"default","ast-page-background-enabled":"default","ast-page-background-meta":{"desktop":{"background-color":"var(--ast-global-color-4)","background-image":"","background-repeat":"repeat","background-position":"center center","background-size":"auto","background-attachment":"scroll","background-type":"","background-media":"","overlay-type":"","overlay-color":"","overlay-opacity":"","overlay-gradient":""},"tablet":{"background-color":"","background-image":"","background-repeat":"repeat","background-position":"center center","background-size":"auto","background-attachment":"scroll","background-type":"","background-media":"","overlay-type":"","overlay-color":"","overlay-opacity":"","overlay-gradient":""},"mobile":{"background-color":"","background-image":"","background-repeat":"repeat","background-position":"center center","background-size":"auto","background-attachment":"scroll","background-type":"","background-media":"","overlay-type":"","overlay-color":"","overlay-opacity":"","overlay-gradient":""}},"ast-content-background-meta":{"desktop":{"background-color":"var(--ast-global-color-5)","background-image":"","background-repeat":"repeat","background-position":"center center","background-size":"auto","background-attachment":"scroll","background-type":"","background-media":"","overlay-type":"","overlay-color":"","overlay-opacity":"","overlay-gradient":""},"tablet":{"background-color":"var(--ast-global-color-5)","background-image":"","background-repeat":"repeat","background-position":"center center","background-size":"auto","background-attachment":"scroll","background-type":"","background-media":"","overlay-type":"","overlay-color":"","overlay-opacity":"","overlay-gradient":""},"mobile":{"background-color":"var(--ast-global-color-5)","background-image":"","background-repeat":"repeat","background-position":"center center","background-size":"auto","background-attachment":"scroll","background-type":"","background-media":"","overlay-type":"","overlay-color":"","overlay-opacity":"","overlay-gradient":""}},"footnotes":""},"class_list":["post-3140","page","type-page","status-publish","hentry"],"yoast_head":"<!-- This site is optimized with the Yoast SEO plugin v27.5 - https:\/\/yoast.com\/product\/yoast-seo-wordpress\/ -->\n<title>Mentions l\u00e9gales -<\/title>\n<meta name=\"robots\" content=\"index, follow, max-snippet:-1, max-image-preview:large, max-video-preview:-1\" \/>\n<link rel=\"canonical\" href=\"https:\/\/bordeaux-surf-school.com\/en\/mentions-legales\/\" \/>\n<meta property=\"og:locale\" content=\"en_GB\" \/>\n<meta property=\"og:type\" content=\"article\" \/>\n<meta property=\"og:title\" content=\"Mentions l\u00e9gales -\" \/>\n<meta property=\"og:description\" content=\"BORDEAUX SURF SCHOOL Votre \u00e9cole de surf au d\u00e9part de Bordeaux Mentions le\u0301gales pour personnes morales E\u0301dition du site Internet Le site Bordeaux Surf, accessible a\u0300 l\u2019adresse https:\/\/bordeaux-surf-school.com est e\u0301dite\u0301 par la socie\u0301te\u0301 par actions simplifi\u00e9e au capital de 2000 euros, dont le sie\u0300ge social est situe\u0301 271 chemin des Essarts 73370 Le Bourget-du-Lac, 06 [&hellip;]\" \/>\n<meta property=\"og:url\" content=\"https:\/\/bordeaux-surf-school.com\/en\/mentions-legales\/\" \/>\n<meta property=\"article:modified_time\" content=\"2023-12-28T11:24:54+00:00\" \/>\n<meta name=\"twitter:card\" content=\"summary_large_image\" \/>\n<meta name=\"twitter:label1\" content=\"Estimated reading time\" \/>\n\t<meta name=\"twitter:data1\" content=\"2 minutes\" \/>\n<script type=\"application\/ld+json\" class=\"yoast-schema-graph\">{\"@context\":\"https:\\\/\\\/schema.org\",\"@graph\":[{\"@type\":\"WebPage\",\"@id\":\"https:\\\/\\\/bordeaux-surf-school.com\\\/mentions-legales\\\/\",\"url\":\"https:\\\/\\\/bordeaux-surf-school.com\\\/mentions-legales\\\/\",\"name\":\"Mentions l\u00e9gales -\",\"isPartOf\":{\"@id\":\"https:\\\/\\\/bordeaux-surf-school.com\\\/#website\"},\"datePublished\":\"2023-10-25T17:42:50+00:00\",\"dateModified\":\"2023-12-28T11:24:54+00:00\",\"breadcrumb\":{\"@id\":\"https:\\\/\\\/bordeaux-surf-school.com\\\/mentions-legales\\\/#breadcrumb\"},\"inLanguage\":\"en-GB\",\"potentialAction\":[{\"@type\":\"ReadAction\",\"target\":[\"https:\\\/\\\/bordeaux-surf-school.com\\\/mentions-legales\\\/\"]}]},{\"@type\":\"BreadcrumbList\",\"@id\":\"https:\\\/\\\/bordeaux-surf-school.com\\\/mentions-legales\\\/#breadcrumb\",\"itemListElement\":[{\"@type\":\"ListItem\",\"position\":1,\"name\":\"Accueil\",\"item\":\"https:\\\/\\\/bordeaux-surf-school.com\\\/\"},{\"@type\":\"ListItem\",\"position\":2,\"name\":\"Mentions l\u00e9gales\"}]},{\"@type\":\"WebSite\",\"@id\":\"https:\\\/\\\/bordeaux-surf-school.com\\\/#website\",\"url\":\"https:\\\/\\\/bordeaux-surf-school.com\\\/\",\"name\":\"Bordeaux Surf School\",\"description\":\"\",\"publisher\":{\"@id\":\"https:\\\/\\\/bordeaux-surf-school.com\\\/#organization\"},\"potentialAction\":[{\"@type\":\"SearchAction\",\"target\":{\"@type\":\"EntryPoint\",\"urlTemplate\":\"https:\\\/\\\/bordeaux-surf-school.com\\\/?s={search_term_string}\"},\"query-input\":{\"@type\":\"PropertyValueSpecification\",\"valueRequired\":true,\"valueName\":\"search_term_string\"}}],\"inLanguage\":\"en-GB\"},{\"@type\":\"Organization\",\"@id\":\"https:\\\/\\\/bordeaux-surf-school.com\\\/#organization\",\"name\":\"Bordeaux Surf School\",\"url\":\"https:\\\/\\\/bordeaux-surf-school.com\\\/\",\"logo\":{\"@type\":\"ImageObject\",\"inLanguage\":\"en-GB\",\"@id\":\"https:\\\/\\\/bordeaux-surf-school.com\\\/#\\\/schema\\\/logo\\\/image\\\/\",\"url\":\"https:\\\/\\\/bordeaux-surf-school.com\\\/wp-content\\\/uploads\\\/2023\\\/12\\\/logo-bordeaux-Sur-school-e1702056270989.png\",\"contentUrl\":\"https:\\\/\\\/bordeaux-surf-school.com\\\/wp-content\\\/uploads\\\/2023\\\/12\\\/logo-bordeaux-Sur-school-e1702056270989.png\",\"width\":2560,\"height\":2185,\"caption\":\"Bordeaux Surf School\"},\"image\":{\"@id\":\"https:\\\/\\\/bordeaux-surf-school.com\\\/#\\\/schema\\\/logo\\\/image\\\/\"}}]}<\/script>\n<!-- \/ Yoast SEO plugin. -->","yoast_head_json":{"title":"Mentions l\u00e9gales -","robots":{"index":"index","follow":"follow","max-snippet":"max-snippet:-1","max-image-preview":"max-image-preview:large","max-video-preview":"max-video-preview:-1"},"canonical":"https:\/\/bordeaux-surf-school.com\/en\/mentions-legales\/","og_locale":"en_GB","og_type":"article","og_title":"Mentions l\u00e9gales -","og_description":"BORDEAUX SURF SCHOOL Votre \u00e9cole de surf au d\u00e9part de Bordeaux Mentions le\u0301gales pour personnes morales E\u0301dition du site Internet Le site Bordeaux Surf, accessible a\u0300 l\u2019adresse https:\/\/bordeaux-surf-school.com est e\u0301dite\u0301 par la socie\u0301te\u0301 par actions simplifi\u00e9e au capital de 2000 euros, dont le sie\u0300ge social est situe\u0301 271 chemin des Essarts 73370 Le Bourget-du-Lac, 06 [&hellip;]","og_url":"https:\/\/bordeaux-surf-school.com\/en\/mentions-legales\/","article_modified_time":"2023-12-28T11:24:54+00:00","twitter_card":"summary_large_image","twitter_misc":{"Estimated reading time":"2 minutes"},"schema":{"@context":"https:\/\/schema.org","@graph":[{"@type":"WebPage","@id":"https:\/\/bordeaux-surf-school.com\/mentions-legales\/","url":"https:\/\/bordeaux-surf-school.com\/mentions-legales\/","name":"Mentions l\u00e9gales -","isPartOf":{"@id":"https:\/\/bordeaux-surf-school.com\/#website"},"datePublished":"2023-10-25T17:42:50+00:00","dateModified":"2023-12-28T11:24:54+00:00","breadcrumb":{"@id":"https:\/\/bordeaux-surf-school.com\/mentions-legales\/#breadcrumb"},"inLanguage":"en-GB","potentialAction":[{"@type":"ReadAction","target":["https:\/\/bordeaux-surf-school.com\/mentions-legales\/"]}]},{"@type":"BreadcrumbList","@id":"https:\/\/bordeaux-surf-school.com\/mentions-legales\/#breadcrumb","itemListElement":[{"@type":"ListItem","position":1,"name":"Accueil","item":"https:\/\/bordeaux-surf-school.com\/"},{"@type":"ListItem","position":2,"name":"Mentions l\u00e9gales"}]},{"@type":"WebSite","@id":"https:\/\/bordeaux-surf-school.com\/#website","url":"https:\/\/bordeaux-surf-school.com\/","name":"Bordeaux Surf School","description":"","publisher":{"@id":"https:\/\/bordeaux-surf-school.com\/#organization"},"potentialAction":[{"@type":"SearchAction","target":{"@type":"EntryPoint","urlTemplate":"https:\/\/bordeaux-surf-school.com\/?s={search_term_string}"},"query-input":{"@type":"PropertyValueSpecification","valueRequired":true,"valueName":"search_term_string"}}],"inLanguage":"en-GB"},{"@type":"Organization","@id":"https:\/\/bordeaux-surf-school.com\/#organization","name":"Bordeaux Surf School","url":"https:\/\/bordeaux-surf-school.com\/","logo":{"@type":"ImageObject","inLanguage":"en-GB","@id":"https:\/\/bordeaux-surf-school.com\/#\/schema\/logo\/image\/","url":"https:\/\/bordeaux-surf-school.com\/wp-content\/uploads\/2023\/12\/logo-bordeaux-Sur-school-e1702056270989.png","contentUrl":"https:\/\/bordeaux-surf-school.com\/wp-content\/uploads\/2023\/12\/logo-bordeaux-Sur-school-e1702056270989.png","width":2560,"height":2185,"caption":"Bordeaux Surf School"},"image":{"@id":"https:\/\/bordeaux-surf-school.com\/#\/schema\/logo\/image\/"}}]}},"_links":{"self":[{"href":"https:\/\/bordeaux-surf-school.com\/en\/wp-json\/wp\/v2\/pages\/3140","targetHints":{"allow":["GET"]}}],"collection":[{"href":"https:\/\/bordeaux-surf-school.com\/en\/wp-json\/wp\/v2\/pages"}],"about":[{"href":"https:\/\/bordeaux-surf-school.com\/en\/wp-json\/wp\/v2\/types\/page"}],"author":[{"embeddable":true,"href":"https:\/\/bordeaux-surf-school.com\/en\/wp-json\/wp\/v2\/users\/1"}],"replies":[{"embeddable":true,"href":"https:\/\/bordeaux-surf-school.com\/en\/wp-json\/wp\/v2\/comments?post=3140"}],"version-history":[{"count":28,"href":"https:\/\/bordeaux-surf-school.com\/en\/wp-json\/wp\/v2\/pages\/3140\/revisions"}],"predecessor-version":[{"id":18167,"href":"https:\/\/bordeaux-surf-school.com\/en\/wp-json\/wp\/v2\/pages\/3140\/revisions\/18167"}],"wp:attachment":[{"href":"https:\/\/bordeaux-surf-school.com\/en\/wp-json\/wp\/v2\/media?parent=3140"}],"curies":[{"name":"wp","href":"https:\/\/api.w.org\/{rel}","templated":true}]}}